{"id":4991,"date":"2019-04-14T12:36:08","date_gmt":"2019-04-14T12:36:08","guid":{"rendered":"https:\/\/pp-lonjsko-polje.hr\/anketa\/"},"modified":"2019-11-14T13:47:12","modified_gmt":"2019-11-14T13:47:12","slug":"umfrage","status":"publish","type":"page","link":"https:\/\/pp-lonjsko-polje.hr\/de\/umfrage\/","title":{"rendered":"UMFRAGE"},"content":{"rendered":"","protected":false},"excerpt":{"rendered":"<p>Sudjelujte u na\u0161oj anketi i poku\u0161ajte dobiti 5 besplatnih karata za vas i va\u0161u obitelj.*Sudjelujte*<\/p>\n","protected":false},"author":1,"featured_media":0,"parent":0,"menu_order":0,"comment_status":"closed","ping_status":"closed","template":"tpl-anketa.php","meta":{"footnotes":""},"class_list":["post-4991","page","type-page","status-publish","hentry"],"_links":{"self":[{"href":"https:\/\/pp-lonjsko-polje.hr\/de\/wp-json\/wp\/v2\/pages\/4991","targetHints":{"allow":["GET"]}}],"collection":[{"href":"https:\/\/pp-lonjsko-polje.hr\/de\/wp-json\/wp\/v2\/pages"}],"about":[{"href":"https:\/\/pp-lonjsko-polje.hr\/de\/wp-json\/wp\/v2\/types\/page"}],"author":[{"embeddable":true,"href":"https:\/\/pp-lonjsko-polje.hr\/de\/wp-json\/wp\/v2\/users\/1"}],"replies":[{"embeddable":true,"href":"https:\/\/pp-lonjsko-polje.hr\/de\/wp-json\/wp\/v2\/comments?post=4991"}],"version-history":[{"count":1,"href":"https:\/\/pp-lonjsko-polje.hr\/de\/wp-json\/wp\/v2\/pages\/4991\/revisions"}],"predecessor-version":[{"id":4992,"href":"https:\/\/pp-lonjsko-polje.hr\/de\/wp-json\/wp\/v2\/pages\/4991\/revisions\/4992"}],"wp:attachment":[{"href":"https:\/\/pp-lonjsko-polje.hr\/de\/wp-json\/wp\/v2\/media?parent=4991"}],"curies":[{"name":"wp","href":"https:\/\/api.w.org\/{rel}","templated":true}]}}